{"id":153,"date":"2017-11-21T12:54:03","date_gmt":"2017-11-21T12:54:03","guid":{"rendered":"http:\/\/www.aerobots4u.com\/?page_id=153"},"modified":"2019-02-26T16:43:04","modified_gmt":"2019-02-26T16:43:04","slug":"nosotros","status":"publish","type":"page","link":"https:\/\/aerobots4u.com\/?page_id=153","title":{"rendered":"Nosotros"},"content":{"rendered":"<p>[et_pb_section fb_built=\u00bb1&#8243; specialty=\u00bbon\u00bb _builder_version=\u00bb3.0.89&#8243; custom_padding=\u00bb50.4375px|0px|0px|0px\u00bb][et_pb_column type=\u00bb1_2&#8243; _builder_version=\u00bb3.0.47&#8243; parallax=\u00bboff\u00bb parallax__hover=\u00bboff\u00bb parallax_method=\u00bbon\u00bb parallax_method__hover=\u00bbon\u00bb][et_pb_text _builder_version=\u00bb3.0.89&#8243;]<strong>NUESTRA EMPRESA<\/strong><\/p>\n<p>AeRobots4U es una empresa creada en 2016 para prestar servicios basados en peque\u00f1os veh\u00edculos no tripulados (drones) a una variedad de sectores como la industria audiovisual, agricultura, ingenier\u00eda, arquitectura, vigilancia, seguridad y ocio. Tambi\u00e9n impartimos formaci\u00f3n a profesionales y realizamos actividades divulgativas.<\/p>\n<p>Nuestro negocio tiene su base en Las Palmas de Gran Canaria, desde donde prestamos servicio a toda Canarias, con el objetivo de expandirnos luego al resto de la Pen\u00ednsula.<\/p>\n<p>La tecnolog\u00eda que usamos son los drones de \u00faltima generaci\u00f3n de diversos fabricantes l\u00edderes del mercado. Adem\u00e1s <strong>dise\u00f1amos y fabricamos nuestros propios drones<\/strong>, que adaptamos a las necesidades espec\u00edficas de cada caso. La mayor\u00eda son veh\u00edculos a\u00e9reos, pero tambi\u00e9n ofrecemos drones terrestres y acu\u00e1ticos para realizar otras tareas.<br \/>\n[\/et_pb_text][\/et_pb_column][et_pb_column type=\u00bb1_2&#8243; specialty_columns=\u00bb2&#8243; _builder_version=\u00bb3.0.47&#8243; parallax=\u00bboff\u00bb parallax__hover=\u00bboff\u00bb parallax_method=\u00bbon\u00bb parallax_method__hover=\u00bbon\u00bb][et_pb_row_inner _builder_version=\u00bb3.0.89&#8243;][et_pb_column_inner type=\u00bb4_4&#8243; saved_specialty_column_type=\u00bb1_2&#8243; _builder_version=\u00bb3.0.47&#8243; parallax=\u00bboff\u00bb parallax__hover=\u00bboff\u00bb parallax_method=\u00bbon\u00bb parallax_method__hover=\u00bbon\u00bb][et_pb_text _builder_version=\u00bb3.0.89&#8243;]<strong>MISI\u00d3N<\/strong><\/p>\n<p style=\"text-align: justify;\">Lograr el desarrollo sostenido de sistemas aut\u00f3nomos de rob\u00f3tica e integrarlos en la sociedad, facilitando su implantaci\u00f3n, a trav\u00e9s de actividades educativas y de ocio para hacer frente a los desaf\u00edos que plantea la interacci\u00f3n entre el hombre, la tecnolog\u00eda y su aplicaci\u00f3n en la vida cotidiana, creando productos de m\u00e1xima calidad y gestionando el negocio de manera que cree valor en la Sociedad que permitan realizar las tareas de forma m\u00e1s r\u00e1pida, asequible y segura.<\/p>\n<p>[\/et_pb_text][\/et_pb_column_inner][\/et_pb_row_inner][et_pb_row_inner custom_padding=\u00bb0px|0px|27.7344px|0px\u00bb _builder_version=\u00bb3.0.89&#8243;][et_pb_column_inner type=\u00bb4_4&#8243; saved_specialty_column_type=\u00bb1_2&#8243; _builder_version=\u00bb3.0.47&#8243; parallax=\u00bboff\u00bb parallax__hover=\u00bboff\u00bb parallax_method=\u00bbon\u00bb parallax_method__hover=\u00bbon\u00bb][et_pb_text _builder_version=\u00bb3.0.89&#8243;]<strong>VISI\u00d3N<\/strong><\/p>\n<p>Ser una empresa l\u00edder en Canarias, reconocida por ayudar a crear un futuro donde el humano y sus tareas diarias se encuentran y se facilitan a trav\u00e9s del uso de tecnolog\u00edas rob\u00f3ticas, innovando en la aplicaci\u00f3n de este tipo de tecnolog\u00edas a nuevos campos de actividad y expandi\u00e9ndonos al resto de la Pen\u00ednsula.<\/p>\n<p>&nbsp;<br \/>\n[\/et_pb_text][\/et_pb_column_inner][\/et_pb_row_inner][\/et_pb_column][\/et_pb_section][et_pb_section fb_built=\u00bb1&#8243; _builder_version=\u00bb3.0.89&#8243; custom_padding=\u00bb0px|0px|0px|0px\u00bb][et_pb_row _builder_version=\u00bb3.0.89&#8243;][et_pb_column type=\u00bb4_4&#8243; _builder_version=\u00bb3.0.89&#8243; parallax=\u00bboff\u00bb parallax_method=\u00bbon\u00bb][et_pb_text _builder_version=\u00bb3.0.89&#8243;]<strong>VALORES<\/strong><\/p>\n<p>La satisfacci\u00f3n del cliente es nuestra motivaci\u00f3n.<\/p>\n<p>.- Compromiso en ayudar a crear un futuro en donde el humano y sus tareas diarias\u00a0 se encuentren a trav\u00e9s del uso de tecnolog\u00edas rob\u00f3ticas.<\/p>\n<p>.- Alcanzar los m\u00e1ximos niveles de calidad en nuestros productos y nunca poniendo en peligro los est\u00e1ndares y normativas en seguridad.<\/p>\n<p>.- Marcar la diferencia en todo lo que hacemos con respecto a nuestros competidores en base a nuestra experiencia y al mantenimiento de nuestras certificaciones para volar aeronaves no tripuladas,<\/p>\n<p>.- Compromiso en la aplicaci\u00f3n de protocolos que aseguren un alto grado de seguridad y responsabilidad en el manejo de los equipos.\u00a0 Dentro del marco regulatorio exigido en nuestras actividades.<\/p>\n<p>.- Mejora continua hacia la excelencia como forma de trabajar, evitando los cambios dr\u00e1sticos y repentinos, renovando constantemente nuestros equipos y la formaci\u00f3n de nuestro personal<\/p>\n<p>.- Nuestras soluciones aportan una mejora sustancial en las tareas rutinarias del entorno de trabajo en donde actuamos. Ayudando a optimizar dichas tareas haci\u00e9ndolas mas rentables y seguras.<br \/>\n[\/et_pb_text][\/et_pb_column][\/et_pb_row][\/et_pb_section][et_pb_section fb_built=\u00bb1&#8243; _builder_version=\u00bb3.0.89&#8243; custom_padding=\u00bb0px|0px|50.4375px|0px\u00bb][et_pb_row _builder_version=\u00bb3.0.89&#8243;][et_pb_column type=\u00bb4_4&#8243; _builder_version=\u00bb3.0.89&#8243; parallax=\u00bboff\u00bb parallax_method=\u00bbon\u00bb][et_pb_text _builder_version=\u00bb3.0.89&#8243;]<strong>Conoce a nuestro equipo<\/strong><\/p>\n<p>Los miembros del equipo de AeRobots4u. Estamos orgullosos de presentar a nuestro equipo de especialistas. Cada uno dentro de su campo de especializaci\u00f3n. Te invitamos a que contactes con nosotros. Siempre es agradable ponerle cara a las personas con las que trabajas.<\/p>\n<div id=\"fws_5a15ba2fb3976\" class=\"wpb_row vc_row-fluid standard_section \">\n<div class=\"col span_12 dark \">\n<div class=\"vc_span3 wpb_column column_container col no-extra-padding one-fourths clear-both\" data-hover-bg=\"\" data-animation=\"\" data-delay=\"0\">\n<div class=\"wpb_wrapper\"><\/div>\n<\/div>\n<\/div>\n<\/div>\n<p>[\/et_pb_text][\/et_pb_column][\/et_pb_row][et_pb_row custom_padding=\u00bb25.2188px|0px|0px|0px\u00bb _builder_version=\u00bb3.0.89&#8243;][et_pb_column type=\u00bb1_3&#8243; _builder_version=\u00bb3.0.89&#8243; parallax=\u00bboff\u00bb parallax_method=\u00bbon\u00bb][et_pb_image src=\u00bbhttp:\/\/www.aerobots4u.com\/wp-content\/uploads\/2017\/11\/rafabyn.png\u00bb _builder_version=\u00bb3.0.89&#8243;][\/et_pb_image][et_pb_text _builder_version=\u00bb3.0.89&#8243;]<\/p>\n<h3><strong>Rafael G\u00f3mez<\/strong><\/h3>\n<ul>\n<li>COO<\/li>\n<li>Cofundador de AeRobots4u<\/li>\n<li>Piloto de drone<\/li>\n<\/ul>\n<p>[\/et_pb_text][et_pb_divider color=\u00bb#6d6d6d\u00bb _builder_version=\u00bb3.0.89&#8243;][\/et_pb_divider][et_pb_text _builder_version=\u00bb3.0.89&#8243;]<\/p>\n<p style=\"text-align: justify;\">Piloto de helic\u00f3pteros desde 1979, comenzando su carrera en el \u00e1mbito militar adquiriendo los T\u00edtulos de Piloto de Helic\u00f3pteros del Ej\u00e9rcito de Tierra, Piloto Instructor ET, Piloto Comercial de Helic\u00f3pteros y Piloto Instrumental. En 1986 fija su residencia en Canarias donde contin\u00faa con el Batall\u00f3n de Helic\u00f3pteros Canarias hasta su retiro del ejercito en 1988. All\u00ed comenz\u00f3 a trabajar en el mundo civil, volando para un buque atunero en las Islas Seychelles (1988), haciendo vuelos para fotograf\u00eda y filmaciones, piloto en la campa\u00f1a contra-incendios en verano 1990, Piloto para inspecciones pesqueras para Gobierno de Canarias (1990, 1991).<\/p>\n<p style=\"text-align: justify;\">En 1992 se incorpora a la base de Salvamento Mar\u00edtimo como Comandante SAR en Jerez, dependiente de la Direcci\u00f3n General de la Marina Mercante. El d\u00eda 1 de Mayo de 1993 destinado en comisi\u00f3n, para poner en funcionamiento la base de Salvamento en Las Palmas de Gran Canaria, incorpor\u00e1ndose el d\u00eda 8 el Helic\u00f3ptero de Salvamento S-61-N, quedando como Comandante y Jefe de\u00a0 Base del Helimer Canarias, y permaneciendo hasta la actualidad en dicho puesto.<\/p>\n<p style=\"text-align: justify;\">Tiene en su haber mas de 7000 horas de vuelo. Mas de 4000 en misiones de B\u00fasqueda y Rescate.<\/p>\n<p style=\"text-align: justify;\">Los a\u00f1os 2005, al 2009, imparte seminarios en La Universidad de Las Palmas, sobre Seguridad en operaciones con Medios A\u00e9reos a los alumnos de 3\u00ba a\u00f1o de Enfermer\u00eda.<\/p>\n<p>[\/et_pb_text][\/et_pb_column][et_pb_column type=\u00bb1_3&#8243; _builder_version=\u00bb3.0.89&#8243; parallax=\u00bboff\u00bb parallax_method=\u00bbon\u00bb][et_pb_image src=\u00bbhttp:\/\/www.aerobots4u.com\/wp-content\/uploads\/2017\/11\/alfredobyn.png\u00bb _builder_version=\u00bb3.0.89&#8243;][\/et_pb_image][et_pb_text _builder_version=\u00bb3.0.89&#8243;]<\/p>\n<h3><strong>Alfredo Jorge<\/strong><\/h3>\n<ul>\n<li>CEO<\/li>\n<li>Cofundador de AeRobots4u<\/li>\n<li>Piloto de drone<\/li>\n<\/ul>\n<p>[\/et_pb_text][et_pb_divider color=\u00bb#6d6d6d\u00bb _builder_version=\u00bb3.0.89&#8243;][\/et_pb_divider][et_pb_text _builder_version=\u00bb3.0.89&#8243;]<\/p>\n<p style=\"text-align: justify;\">Dise\u00f1ador gr\u00e1fico, fot\u00f3grafo y cinemat\u00f3grafo. Fue due\u00f1o de una empresa tur\u00edstica en Venezuela en donde tuvo la oportunidad de efectuar sus primeros trabajos de filmaci\u00f3n a\u00e9rea desde helic\u00f3pteros en la regi\u00f3n del macizo guayan\u00e9s y destac\u00f3 en fotograf\u00eda de flora, fauna y paisajes. En 1999 parti\u00f3 rumbo a Jap\u00f3n donde comenz\u00f3 a trabajar en la prestigiosa firma de certificaciones Alemana T\u00dcV Rheinland Ltd. en la rama de inform\u00e1tica en donde fue administrador de sistemas y programador.<\/p>\n<p style=\"text-align: justify;\">En el a\u00f1o 2006 es asignado al departamento de desarrollo de productos e innovaci\u00f3n en donde estuvo desarrollando proyectos de redes sociales (2008), c\u00e1maras de alta velocidad (2009) y desarrollo un sistema de robots a\u00e9reos para inspecciones industriales, plantas fotovoltaicas, inspecciones agr\u00edcolas a gran escala en Malasia e Indonesia, adem\u00e1s de desarrollar drones para inspecciones de eficiencia energ\u00e9tica (2012-2015). En el 2015, despu\u00e9s de vivir en Jap\u00f3n durante 15 a\u00f1os, decide volver a Canarias a buscar sus ra\u00edces y poner en pr\u00e1ctica sus conocimientos.<\/p>\n<p>[\/et_pb_text][\/et_pb_column][et_pb_column type=\u00bb1_3&#8243; _builder_version=\u00bb3.0.89&#8243; parallax=\u00bboff\u00bb parallax_method=\u00bbon\u00bb][et_pb_image src=\u00bbhttp:\/\/www.aerobots4u.com\/wp-content\/uploads\/2017\/11\/yobyn.png\u00bb _builder_version=\u00bb3.0.89&#8243;][\/et_pb_image][et_pb_text _builder_version=\u00bb3.0.89&#8243;]<\/p>\n<h3><strong>Mar\u00eda G\u00f3mez<\/strong><\/h3>\n<ul>\n<li>Ingeniera en Dise\u00f1o Industrial<\/li>\n<li>Dise\u00f1adora gr\u00e1fica<\/li>\n<\/ul>\n<p>[\/et_pb_text][et_pb_divider color=\u00bb#6d6d6d\u00bb _builder_version=\u00bb3.0.89&#8243;][\/et_pb_divider][et_pb_text _builder_version=\u00bb3.0.89&#8243;]<\/p>\n<p style=\"text-align: justify;\">Creativa, Ingeniera en Dise\u00f1o Industrial, especialista en Identidad Corporativa y Dise\u00f1o Gr\u00e1fico e ilustradora.<\/p>\n<p style=\"text-align: justify;\">Finaliz\u00f3 sus estudios de ingenier\u00eda en 2012, cuyo proyecto fin de carrera le proporcion\u00f3 la oportunidad de obtener su primera patente. Centr\u00f3 sus estudios de postgrado en el dise\u00f1o UX por la Universidad de Michigan.<\/p>\n<p style=\"text-align: justify;\">\n<p>[\/et_pb_text][\/et_pb_column][\/et_pb_row][\/et_pb_section]<\/p>\n","protected":false},"excerpt":{"rendered":"<p>[et_pb_section fb_built=\u00bb1&#8243; specialty=\u00bbon\u00bb _builder_version=\u00bb3.0.89&#8243; custom_padding=\u00bb50.4375px|0px|0px|0px\u00bb][et_pb_column type=\u00bb1_2&#8243; _builder_version=\u00bb3.0.47&#8243; parallax=\u00bboff\u00bb parallax__hover=\u00bboff\u00bb parallax_method=\u00bbon\u00bb parallax_method__hover=\u00bbon\u00bb][et_pb_text _builder_version=\u00bb3.0.89&#8243;]NUESTRA EMPRESA AeRobots4U es una empresa creada en 2016 para prestar servicios basados en peque\u00f1os veh\u00edculos no tripulados (drones) a una variedad de sectores como la industria audiovisual, agricultura, ingenier\u00eda, arquitectura, vigilancia, seguridad y ocio. Tambi\u00e9n impartimos formaci\u00f3n a profesionales y realizamos actividades divulgativas. [&hellip;]<\/p>\n","protected":false},"author":1,"featured_media":0,"parent":0,"menu_order":2,"comment_status":"closed","ping_status":"closed","template":"","meta":{"_et_pb_use_builder":"on","_et_pb_old_content":"","_et_gb_content_width":""},"_links":{"self":[{"href":"https:\/\/aerobots4u.com\/index.php?rest_route=\/wp\/v2\/pages\/153"}],"collection":[{"href":"https:\/\/aerobots4u.com\/index.php?rest_route=\/wp\/v2\/pages"}],"about":[{"href":"https:\/\/aerobots4u.com\/index.php?rest_route=\/wp\/v2\/types\/page"}],"author":[{"embeddable":true,"href":"https:\/\/aerobots4u.com\/index.php?rest_route=\/wp\/v2\/users\/1"}],"replies":[{"embeddable":true,"href":"https:\/\/aerobots4u.com\/index.php?rest_route=%2Fwp%2Fv2%2Fcomments&post=153"}],"version-history":[{"count":20,"href":"https:\/\/aerobots4u.com\/index.php?rest_route=\/wp\/v2\/pages\/153\/revisions"}],"predecessor-version":[{"id":453,"href":"https:\/\/aerobots4u.com\/index.php?rest_route=\/wp\/v2\/pages\/153\/revisions\/453"}],"wp:attachment":[{"href":"https:\/\/aerobots4u.com\/index.php?rest_route=%2Fwp%2Fv2%2Fmedia&parent=153"}],"curies":[{"name":"wp","href":"https:\/\/api.w.org\/{rel}","templated":true}]}}